{"id":3247,"date":"2025-01-15T21:03:29","date_gmt":"2025-01-15T19:03:29","guid":{"rendered":"https:\/\/ment.si\/?page_id=3247"},"modified":"2026-01-19T09:46:36","modified_gmt":"2026-01-19T07:46:36","slug":"appointment","status":"publish","type":"page","link":"https:\/\/ment.si\/en\/specials\/appointment\/","title":{"rendered":"appointMENT"},"content":{"rendered":"\r\n\r\n<div id=\"content-text-block-block_384dec19f2cc1c127d58027a4f05ee80\" class=\"content-text-block\">\r\n    <p><span style=\"font-weight: 400\">Participating artists:<\/span><\/p>\n<p><strong> Eva Bevec, Matic Brinc, Bor Cvetko, Gita Erzno\u017enik, Delvin Flisek, Lara Frelih, Kaja Gorjup, Tilen Hebar, Tajda Jug, Ajda Justin, Farah Sara Kurnik, Luka Lavrenci, Lar Nikolaj Leskovar, Kalina Naskovski Perne, Tinkara Nemec, Klara Polajnar, Tisa Praprotnik, Ana Roga\u010d, \u017diga Sever, Sara Skenderija, Maja Vavpoti\u010d, Nejc Zoren\u010d, Gaja \u017dnidar\u010di\u010d.<\/strong><\/p>\n<p><span style=\"font-weight: 400\">Curated by: \u0160pela Pe\u010djak, Eva Pu\u0161nik, Olja Sim\u010di\u010d Jerele\u00a0<\/span><\/p>\n<p>&nbsp;<\/p>\n<p><strong>Free admission.<br \/>\n3. 2. \u2013 4. 4. 2026<\/strong><\/p>\n<p>&nbsp;<\/p>\n<p><em><span style=\"font-weight: 400\">Organisation: DobraVaga \/ Kino \u0160i\u0161ka.<\/span><\/em><\/p>\n<\/div>\n\n\r\n<div id=\"columns-block-block_5616845483ebcd361f570d32c4d3ebd8\"\r\n    class=\"columns-block columns-3\">\r\n    <div class=\"column\"><\/div>\r\n    <div class=\"column\"><\/div>\r\n    <div class=\"column\"> <\/div>\r\n<\/div>\r\n","protected":false},"excerpt":{"rendered":"","protected":false},"author":2,"featured_media":9219,"parent":176,"menu_order":0,"comment_status":"closed","ping_status":"closed","template":"page-specials-child.php","meta":{"_acf_changed":false,"_monsterinsights_skip_tracking":false,"_monsterinsights_sitenote_active":false,"_monsterinsights_sitenote_note":"","_monsterinsights_sitenote_category":0,"footnotes":""},"class_list":["post-3247","page","type-page","status-publish","has-post-thumbnail","hentry"],"acf":[],"_links":{"self":[{"href":"https:\/\/ment.si\/en\/wp-json\/wp\/v2\/pages\/3247","targetHints":{"allow":["GET"]}}],"collection":[{"href":"https:\/\/ment.si\/en\/wp-json\/wp\/v2\/pages"}],"about":[{"href":"https:\/\/ment.si\/en\/wp-json\/wp\/v2\/types\/page"}],"author":[{"embeddable":true,"href":"https:\/\/ment.si\/en\/wp-json\/wp\/v2\/users\/2"}],"replies":[{"embeddable":true,"href":"https:\/\/ment.si\/en\/wp-json\/wp\/v2\/comments?post=3247"}],"version-history":[{"count":15,"href":"https:\/\/ment.si\/en\/wp-json\/wp\/v2\/pages\/3247\/revisions"}],"predecessor-version":[{"id":9573,"href":"https:\/\/ment.si\/en\/wp-json\/wp\/v2\/pages\/3247\/revisions\/9573"}],"up":[{"embeddable":true,"href":"https:\/\/ment.si\/en\/wp-json\/wp\/v2\/pages\/176"}],"wp:featuredmedia":[{"embeddable":true,"href":"https:\/\/ment.si\/en\/wp-json\/wp\/v2\/media\/9219"}],"wp:attachment":[{"href":"https:\/\/ment.si\/en\/wp-json\/wp\/v2\/media?parent=3247"}],"curies":[{"name":"wp","href":"https:\/\/api.w.org\/{rel}","templated":true}]}}