{"id":3195,"date":"2025-01-15T19:33:50","date_gmt":"2025-01-15T17:33:50","guid":{"rendered":"https:\/\/ment.si\/?page_id=3195"},"modified":"2026-02-06T11:57:03","modified_gmt":"2026-02-06T09:57:03","slug":"modularnice","status":"publish","type":"page","link":"https:\/\/ment.si\/en\/specials\/modularnice\/","title":{"rendered":"Modul@rnice"},"content":{"rendered":"\r\n<div id=\"columns-block-block_07b03968fb6394751fa1b6696a405fae\"\r\n    class=\"columns-block columns-3\">\r\n    <div class=\"column\"><p><b>Trigger Change, Regardless: Open Circle Discussion<br \/>\n<\/b>19. 2. 2026 at 17.00<br \/>\n@ Vodnikova doma\u010dija<\/p>\n<p><span style=\"font-weight: 400\">A collective exploration of the potential of the music community and commoning in bringing about positive change. As sound artists, our main role is to listen and recognise voices that have been silenced. Join us to discuss what more people should hear and what still needs to change, both in the music scene and society in general.<\/span><\/p>\n<p><span style=\"font-weight: 400\">The discussion is initiated and curated by Mary C, co-founder and curator of Synth Library Prague, and features Ida Hir\u0161enfelder, Sara Pinheiro, Bojana \u0160alji\u0107 Pode\u0161va, Ur\u0161ka Preis, Klara Wodehn and Eva Badanjak.<\/span><\/p>\n<p><span style=\"font-weight: 400\">This discussion continues the ongoing efforts on which Synth Library Prague was built and which have inspired Trigger (a mutual learning and exchange project created by women for women), as well as the discussions led as part of the Feminist Train Tour by Mary C and sound artist and activist AGF.<\/span><\/p>\n<\/div>\r\n    <div class=\"column\"><p><b>Synth Library Prague: Open Sound Playground<br \/>\n<\/b>19. 2. 2026 at 13.00<br \/>\n20. 2. 2026 at 13.00 and 17.00<br \/>\n@ Vodnikova doma\u010dija<\/p>\n<p><i><span style=\"font-weight: 400\">This is not a recording studio \u2013 no red lights, no heavy doors, no gatekeepers \u2013 just an open room, full of different instruments inviting anyone to express themselves through sound.\u00a0<\/span><\/i><\/p>\n<p><span style=\"font-weight: 400\">Join us for a sound exploration on a playground full of instruments prepared by Synth Library Prague. Try out various setups designed for adventures in sound design and music composition, from modular synths and drum machines to vocal processors and tablets. Explore the instruments on your own or share and play with others out loud (see workshop hours above). Each session begins with a short introduction by Mary C, and we\u2019ll be happy to show you how to get started with each instrument. No special skills are needed \u2013 everyone is welcome! You\u2019re also welcome to bring your own instrument(s).<\/span><\/p>\n<\/div>\r\n    <div class=\"column\"> <p><b>MEET THE ARTISTS<\/b><\/p>\n<p><b><br \/>\n<\/b><span style=\"font-weight: 400\"><strong><a href=\"https:\/\/soundcloud.com\/sarapini\">Sara Pinheiro<\/a><\/strong> is a sound-maker. For film and video-art, she does sound recording, editing, foley, and mixing. In her solo practice, she makes acousmatic pieces, usually for multichannel performances, radio broadcasts, and installations. Her work crosses practices of sound design for film with concrete and acousmatic music. It blends natural and artificial soundscapes via field recordings, foley practices, and signal processing. She is a member of the live coding group K-o-l-e-k-t-i-v and the noise trio SHLUK. She is also a regular collaborator of Synth Library Prague and Arteacta. She has run workshops, soundwalks and listening sessions since 2012.<\/span><\/p>\n<p><b>Marie Ctverackova aka Mary C\u00a0<\/b><span style=\"font-weight: 400\">is a curator, sound artist, DJ, organiser, and co-founder of the Synth Library Prague community space for sharing, learning and unlearning, discussions, and experiments, not only in the field of electronic music and sound in general. Her projects explore the revolutionary potential of music and music communities, the ways we can navigate and overcome inequalities and stereotypes, and the role of access as well as broader social and economic contexts and their impact on the arts.<\/span><\/p>\n<p><b>Synth Library Prague<\/b><span style=\"font-weight: 400\"> is a place for sharing, creating, discussing, experimenting, learning, and unlearning, not only in the field of sound and electronic music. It is a space filled with amazing instruments, books, and other resources. The space is run by artists and curators, who are committed to creating a welcoming atmosphere for everyone to learn, share, and collaborate as equals, and to trigger change with respect, care, and thoughtfulness. It is a place to start and sustain, to build new relationships with sound, instruments, yourself, and others. A space to reflect on reassembling as a community and explore ways we can trigger change together, as well as a space to learn new technologies and the basics of sound and music-making.<\/span><\/p>\n<\/div>\r\n<\/div>\r\n\n\n\r\n\r\n<div id=\"content-text-block-block_286a5cf358035b29f178e43577f710cb\" class=\"content-text-block\">\r\n    <p><b>HOW TO APPLY<\/b><\/p>\n<p><b><\/b><span style=\"font-weight: 400\">Attendance at all events is free of charge. The workshops will be held in English and are suitable for beginners \u2013 no previous experience is needed. You can also bring your instrument(s). For any questions, please write to <strong>delavnice@projekt-atol.si<\/strong>.<\/span><\/p>\n<p>&nbsp;<\/p>\n<p><b>CREDITS<\/b><\/p>\n<p><b>Curatorial and production team:<\/b><span style=\"font-weight: 400\"> Marie Ctverackova, Tina Dolin\u0161ek, Ida Hir\u0161enfelder, Sara Pinheiro and Rea Vogrin\u010di\u010d<br \/>\n<\/span><b>Technical support: <\/b><span style=\"font-weight: 400\">Valter Udovi\u010di\u0107<br \/>\n<\/span><b>Special thanks:<\/b><span style=\"font-weight: 400\"> Katja Pre\u0161a and Vodnikova doma\u010dija team, Synth Library Prague, MENT team<\/span><\/p>\n<p>&nbsp;<\/p>\n<p><b>PRODUCTION<\/b><\/p>\n<p><span style=\"font-weight: 400\">Projekt Atol Institute, Kino \u0160i\u0161ka Centre for Urban Culture, MENT Festival and Divja Misel &#8211; Vodnikova Homestead Ljubljana. Supported by the Ministry of Culture of the Republic of Slovenia and the City of Ljubljana \u2013 Department for Culture.<\/span><\/p>\n<\/div>","protected":false},"excerpt":{"rendered":"","protected":false},"author":2,"featured_media":9231,"parent":176,"menu_order":0,"comment_status":"closed","ping_status":"closed","template":"page-specials-child.php","meta":{"_acf_changed":false,"_monsterinsights_skip_tracking":false,"_monsterinsights_sitenote_active":false,"_monsterinsights_sitenote_note":"","_monsterinsights_sitenote_category":0,"footnotes":""},"class_list":["post-3195","page","type-page","status-publish","has-post-thumbnail","hentry"],"acf":[],"_links":{"self":[{"href":"https:\/\/ment.si\/en\/wp-json\/wp\/v2\/pages\/3195","targetHints":{"allow":["GET"]}}],"collection":[{"href":"https:\/\/ment.si\/en\/wp-json\/wp\/v2\/pages"}],"about":[{"href":"https:\/\/ment.si\/en\/wp-json\/wp\/v2\/types\/page"}],"author":[{"embeddable":true,"href":"https:\/\/ment.si\/en\/wp-json\/wp\/v2\/users\/2"}],"replies":[{"embeddable":true,"href":"https:\/\/ment.si\/en\/wp-json\/wp\/v2\/comments?post=3195"}],"version-history":[{"count":35,"href":"https:\/\/ment.si\/en\/wp-json\/wp\/v2\/pages\/3195\/revisions"}],"predecessor-version":[{"id":10837,"href":"https:\/\/ment.si\/en\/wp-json\/wp\/v2\/pages\/3195\/revisions\/10837"}],"up":[{"embeddable":true,"href":"https:\/\/ment.si\/en\/wp-json\/wp\/v2\/pages\/176"}],"wp:featuredmedia":[{"embeddable":true,"href":"https:\/\/ment.si\/en\/wp-json\/wp\/v2\/media\/9231"}],"wp:attachment":[{"href":"https:\/\/ment.si\/en\/wp-json\/wp\/v2\/media?parent=3195"}],"curies":[{"name":"wp","href":"https:\/\/api.w.org\/{rel}","templated":true}]}}